{"id":3117,"date":"2025-02-16T11:23:47","date_gmt":"2025-02-16T11:23:47","guid":{"rendered":"https:\/\/www.aws-trading.com\/?post_type=product&#038;p=3117"},"modified":"2025-02-16T11:23:47","modified_gmt":"2025-02-16T11:23:47","slug":"ftr25-overload-30-40a","status":"publish","type":"product","link":"https:\/\/www.aws-trading.com\/?product=ftr25-overload-30-40a","title":{"rendered":"FTR25 \u2013 Overload \u2013 30 -40A"},"content":{"rendered":"<div class=\"detailsColumn\">\n<table border=\"0\" width=\"706\">\n<tbody>\n<tr>\n<td height=\"238\">\n<table border=\"0\" width=\"445\" cellspacing=\"0\" cellpadding=\"0\">\n<tbody>\n<tr>\n<th scope=\"row\" align=\"left\" bgcolor=\"#E8E8E8\">Ak\u0131m Ayar Sahas\u0131 (A)<\/th>\n<td align=\"left\" bgcolor=\"#E8E8E8\"><\/td>\n<th scope=\"row\" align=\"left\" bgcolor=\"#E8E8E8\"><\/th>\n<td align=\"left\" bgcolor=\"#E8E8E8\">30 -40<\/td>\n<\/tr>\n<tr>\n<th scope=\"row\" align=\"left\" bgcolor=\"#FFFFFF\">A\u00e7ma S\u0131n\u0131f\u0131 (A)<\/th>\n<td align=\"left\" bgcolor=\"#FFFFFF\"><\/td>\n<th scope=\"row\" align=\"left\" width=\"10\"><\/th>\n<td align=\"left\" bgcolor=\"#FFFFFF\">10<\/td>\n<\/tr>\n<tr>\n<th scope=\"row\" align=\"left\" bgcolor=\"#E8E8E8\">Anma Yal\u0131t\u0131m Gerilimi \u2013 Ui (V)<\/th>\n<td align=\"left\" bgcolor=\"#E8E8E8\"><\/td>\n<th scope=\"row\" align=\"left\" bgcolor=\"#E8E8E8\"><\/th>\n<td align=\"left\" bgcolor=\"#E8E8E8\">690<\/td>\n<\/tr>\n<tr>\n<th scope=\"row\" align=\"left\" bgcolor=\"#FFFFFF\">Anma Darbe Dayan\u0131m Gerilimi \u2013 Uimp (kV)<\/th>\n<td align=\"left\" bgcolor=\"#FFFFFF\"><\/td>\n<th scope=\"row\" align=\"left\"><\/th>\n<td align=\"left\" bgcolor=\"#FFFFFF\">6<\/td>\n<\/tr>\n<tr>\n<th scope=\"row\" align=\"left\" bgcolor=\"#E8E8E8\">\u00c7al\u0131\u015fma Y\u00fcksekli\u011fi (m)<\/th>\n<td align=\"left\" bgcolor=\"#E8E8E8\"><\/td>\n<th scope=\"row\" align=\"left\" bgcolor=\"#E8E8E8\"><\/th>\n<td align=\"left\" bgcolor=\"#E8E8E8\">2000<\/td>\n<\/tr>\n<tr>\n<th scope=\"row\" align=\"left\" bgcolor=\"#FFFFFF\">S\u0131cakl\u0131k Kompanzasyonu (\u00baC)<\/th>\n<td align=\"left\" bgcolor=\"#FFFFFF\"><\/td>\n<th scope=\"row\" align=\"left\"><\/th>\n<td align=\"left\" bgcolor=\"#FFFFFF\">-25 \u2026 +55<\/td>\n<\/tr>\n<tr>\n<th scope=\"row\" align=\"left\" bgcolor=\"#E8E8E8\">\u00c7al\u0131\u015fma Frekans\u0131 (Hz)<\/th>\n<td align=\"left\" bgcolor=\"#E8E8E8\"><\/td>\n<th scope=\"row\" align=\"left\" bgcolor=\"#E8E8E8\"><\/th>\n<td align=\"left\" bgcolor=\"#E8E8E8\">50\/60<\/td>\n<\/tr>\n<tr>\n<th scope=\"row\" align=\"left\" bgcolor=\"#FFFFFF\">Yard\u0131mc\u0131 Kontakt\u00f6r \u2013 Ie (220V)<\/th>\n<td align=\"left\" bgcolor=\"#FFFFFF\"><\/td>\n<th scope=\"row\" align=\"left\"><\/th>\n<td align=\"left\" bgcolor=\"#FFFFFF\">2,73<\/td>\n<\/tr>\n<tr>\n<th scope=\"row\" align=\"left\" bgcolor=\"#E8E8E8\">1NA + 1NK (AC15) 380V<\/th>\n<td align=\"left\" bgcolor=\"#E8E8E8\"><\/td>\n<th scope=\"row\" align=\"left\" bgcolor=\"#E8E8E8\"><\/th>\n<td align=\"left\" bgcolor=\"#E8E8E8\">1,58<\/td>\n<\/tr>\n<tr>\n<th scope=\"row\" align=\"left\" bgcolor=\"#FFFFFF\"><\/th>\n<td align=\"left\" bgcolor=\"#FFFFFF\"><\/td>\n<th scope=\"row\" align=\"left\"><\/th>\n<td align=\"left\" bgcolor=\"#FFFFFF\"><\/td>\n<\/tr>\n<\/tbody>\n<\/table>\n<\/td>\n<\/tr>\n<\/tbody>\n<\/table>\n<table class=\"productHeader\" style=\"margin-top: 25px; width: 100%;\" aria-describedby=\"ProductDetailsOverview\">\n<tbody>\n<tr>\n<td colspan=\"2\">Part Number<\/td>\n<td colspan=\"2\">FTR95 30-40A Thermal Relays<\/td>\n<\/tr>\n<tr>\n<td colspan=\"2\">DataSheet in PDF<\/td>\n<td colspan=\"2\"><a href=\"https:\/\/federal.com.tr\/en\/online-catalogues\/thermal-overload-relays\/\">Download<\/a><\/td>\n<\/tr>\n<\/tbody>\n<\/table>\n<\/div>\n","protected":false},"excerpt":{"rendered":"<p>Ak\u0131m Ayar Sahas\u0131 (A) 30 -40 A\u00e7ma S\u0131n\u0131f\u0131 (A) 10 Anma Yal\u0131t\u0131m Gerilimi \u2013 Ui (V) 690 Anma Darbe Dayan\u0131m Gerilimi \u2013 Uimp (kV) 6 \u00c7al\u0131\u015fma Y\u00fcksekli\u011fi (m) 2000 S\u0131cakl\u0131k Kompanzasyonu (\u00baC) -25 \u2026 +55 \u00c7al\u0131\u015fma Frekans\u0131 (Hz) 50\/60 Yard\u0131mc\u0131 Kontakt\u00f6r \u2013 Ie (220V) 2,73 1NA + 1NK (AC15) 380V 1,58 Part Number FTR95 30-40A [&hellip;]<\/p>\n","protected":false},"featured_media":3106,"comment_status":"open","ping_status":"closed","template":"","meta":{"_acf_changed":false},"product_brand":[],"product_cat":[25044,22372,23960,25040,25036],"product_tag":[28309],"class_list":{"0":"post-3117","1":"product","2":"type-product","3":"status-publish","4":"has-post-thumbnail","6":"product_cat-30-40a","7":"product_cat-electric","8":"product_cat-federal","9":"product_cat-ftr95","10":"product_cat-overload-federal","11":"product_tag-ftr25-overload-30-40a","13":"first","14":"instock","15":"shipping-taxable","16":"product-type-simple"},"acf":[],"_links":{"self":[{"href":"https:\/\/www.aws-trading.com\/index.php?rest_route=\/wp\/v2\/product\/3117","targetHints":{"allow":["GET"]}}],"collection":[{"href":"https:\/\/www.aws-trading.com\/index.php?rest_route=\/wp\/v2\/product"}],"about":[{"href":"https:\/\/www.aws-trading.com\/index.php?rest_route=\/wp\/v2\/types\/product"}],"replies":[{"embeddable":true,"href":"https:\/\/www.aws-trading.com\/index.php?rest_route=%2Fwp%2Fv2%2Fcomments&post=3117"}],"wp:featuredmedia":[{"embeddable":true,"href":"https:\/\/www.aws-trading.com\/index.php?rest_route=\/wp\/v2\/media\/3106"}],"wp:attachment":[{"href":"https:\/\/www.aws-trading.com\/index.php?rest_route=%2Fwp%2Fv2%2Fmedia&parent=3117"}],"wp:term":[{"taxonomy":"product_brand","embeddable":true,"href":"https:\/\/www.aws-trading.com\/index.php?rest_route=%2Fwp%2Fv2%2Fproduct_brand&post=3117"},{"taxonomy":"product_cat","embeddable":true,"href":"https:\/\/www.aws-trading.com\/index.php?rest_route=%2Fwp%2Fv2%2Fproduct_cat&post=3117"},{"taxonomy":"product_tag","embeddable":true,"href":"https:\/\/www.aws-trading.com\/index.php?rest_route=%2Fwp%2Fv2%2Fproduct_tag&post=3117"}],"curies":[{"name":"wp","href":"https:\/\/api.w.org\/{rel}","templated":true}]}}